{"id":3,"date":"2020-03-06T10:04:20","date_gmt":"2020-03-06T10:04:20","guid":{"rendered":"http:\/\/lagodeanna.com\/\/es-new\/?page_id=3"},"modified":"2020-03-26T09:34:55","modified_gmt":"2020-03-26T09:34:55","slug":"politica-de-privacidad","status":"publish","type":"page","link":"https:\/\/lagodeanna.com\/es\/politica-de-privacidad\/","title":{"rendered":"Pol\u00edtica de privacidad"},"content":{"rendered":"<div class=\"fusion-fullwidth fullwidth-box fusion-builder-row-1 nonhundred-percent-fullwidth non-hundred-percent-height-scrolling\" style=\"--awb-background-position:left top;--awb-border-radius-top-left:0px;--awb-border-radius-top-right:0px;--awb-border-radius-bottom-right:0px;--awb-border-radius-bottom-left:0px;--awb-padding-top:20px;--awb-padding-bottom:20px;--awb-border-sizes-top:0px;--awb-border-sizes-bottom:0px;--awb-flex-wrap:wrap;\" ><div class=\"fusion-builder-row fusion-row\"><div class=\"fusion-layout-column fusion_builder_column fusion-builder-column-0 fusion_builder_column_1_1 1_1 fusion-one-full fusion-column-first fusion-column-last fusion-column-no-min-height\" style=\"--awb-bg-size:cover;--awb-margin-bottom:0px;\"><div class=\"fusion-column-wrapper fusion-flex-column-wrapper-legacy\"><div class=\"fusion-text fusion-text-1\"><h2 style=\"font-size: 20px; line-height: 22px;\">POL\u00cdTICA DE PRIVACIDAD<\/h2>\n<h3 style=\"font-size: 18px; line-height: 20px;\">1. Incorporaci\u00f3n de datos personales a los ficheros de Casa Rural El Lago de Anna<\/h3>\n<p>De conformidad con lo establecido en la Ley Org\u00e1nica 15\/1999, de 13 de diciembre, de Protecci\u00f3n de Datos de Car\u00e1cter Personal (en adelante, \u201cLOPD\u201d), se informa a todas aquellas personas que accedan y usen (en adelante, los \u201cUsuarios\u201d) la p\u00e1gina web accesible a trav\u00e9s del nombre de dominio www.lagodeanna.com y sus subdominios (en adelante, el \u201cSitio Web\u201d) que todos los datos personales que el Usuario facilite a trav\u00e9s del Sitio Web, incluyendo los datos obtenidos a trav\u00e9s de cookies as\u00ed como aquellos facilitados por el Usuario para disfrutar los servicios ofrecidos, ser\u00e1n incorporados y tratados en los ficheros titularidad de Alex Roig Albelda (en adelante, \u201cCasa Rural El Lago de Anna\u201d) con las siguientes finalidades: posibilitar la prestaci\u00f3n de los servicios solicitados por el Usuario; gesti\u00f3n y mantenimiento del Sitio Web; dar respuesta a las solicitudes de informaci\u00f3n o consultas planteadas; as\u00ed como mantener a los Usuarios informados, incluso por medios electr\u00f3nicos, sobre los servicios y\/o productos de Casa Rural El Lago de Anna.<\/p>\n<p>En caso de no desear recibir este tipo de comunicaciones, el Usuario debe indicarlo enviando en cualquier momento un correo electr\u00f3nico a info@lagodeanna.com.<\/p>\n<p>La cumplimentaci\u00f3n de todos los campos marcados como obligatorios en los formularios contenidos en el Portal es necesaria para lograr una \u00f3ptima prestaci\u00f3n de los servicios puestos a disposici\u00f3n del Usuario. De no facilitarse todos los datos, Casa Rural El Lago de Anna no garantiza que la informaci\u00f3n y los servicios solicitados puedan prestarse, se presten correctamente o se ajusten a las necesidades del Usuario.<\/p>\n<h3 style=\"font-size: 18px; line-height: 20px;\">2. Ejercicio de derechos<\/h3>\n<p>El Usuario puede ejercer sus derechos de acceso, rectificaci\u00f3n, cancelaci\u00f3n y oposici\u00f3n previstos en la LOPD, mediante una comunicaci\u00f3n escrita dirigida a Casa Rural El Lago de Anna, PTDA Albufera 12, 46820, Anna, (Valencia), o bien mediante correo electr\u00f3nico dirigido a info@lagodeanna.com. En ambos casos, el Usuario deber\u00e1 acompa\u00f1ar una copia de su documento nacional de identidad, pasaporte u otro documento v\u00e1lido que lo identifique.<\/p>\n<\/div><div class=\"fusion-clearfix\"><\/div><\/div><\/div><\/div><\/div>\n","protected":false},"excerpt":{"rendered":"","protected":false},"author":1,"featured_media":0,"parent":0,"menu_order":0,"comment_status":"closed","ping_status":"open","template":"100-width.php","meta":{"footnotes":""},"class_list":["post-3","page","type-page","status-publish","hentry"],"yoast_head":"<!-- This site is optimized with the Yoast SEO Premium plugin v25.9 (Yoast SEO v25.9) - https:\/\/yoast.com\/wordpress\/plugins\/seo\/ -->\n<title>Pol\u00edtica de privacidad - Lago de Anna Casa Rural<\/title>\n<meta name=\"robots\" content=\"index, follow, max-snippet:-1, max-image-preview:large, max-video-preview:-1\" \/>\n<link rel=\"canonical\" href=\"https:\/\/lagodeanna.com\/es\/politica-de-privacidad\/\" \/>\n<meta property=\"og:locale\" content=\"es_ES\" \/>\n<meta property=\"og:type\" content=\"article\" \/>\n<meta property=\"og:title\" content=\"Pol\u00edtica de privacidad\" \/>\n<meta property=\"og:url\" content=\"https:\/\/lagodeanna.com\/es\/politica-de-privacidad\/\" \/>\n<meta property=\"og:site_name\" content=\"Lago de Anna Casa Rural\" \/>\n<meta property=\"article:modified_time\" content=\"2020-03-26T09:34:55+00:00\" \/>\n<meta name=\"twitter:card\" content=\"summary_large_image\" \/>\n<meta name=\"twitter:label1\" content=\"Tiempo de lectura\" \/>\n\t<meta name=\"twitter:data1\" content=\"2 minutos\" \/>\n<script type=\"application\/ld+json\" class=\"yoast-schema-graph\">{\"@context\":\"https:\/\/schema.org\",\"@graph\":[{\"@type\":\"WebPage\",\"@id\":\"https:\/\/lagodeanna.com\/es\/politica-de-privacidad\/\",\"url\":\"https:\/\/lagodeanna.com\/es\/politica-de-privacidad\/\",\"name\":\"Pol\u00edtica de privacidad - Lago de Anna Casa Rural\",\"isPartOf\":{\"@id\":\"https:\/\/lagodeanna.com\/es\/#website\"},\"datePublished\":\"2020-03-06T10:04:20+00:00\",\"dateModified\":\"2020-03-26T09:34:55+00:00\",\"breadcrumb\":{\"@id\":\"https:\/\/lagodeanna.com\/es\/politica-de-privacidad\/#breadcrumb\"},\"inLanguage\":\"es\",\"potentialAction\":[{\"@type\":\"ReadAction\",\"target\":[\"https:\/\/lagodeanna.com\/es\/politica-de-privacidad\/\"]}]},{\"@type\":\"BreadcrumbList\",\"@id\":\"https:\/\/lagodeanna.com\/es\/politica-de-privacidad\/#breadcrumb\",\"itemListElement\":[{\"@type\":\"ListItem\",\"position\":1,\"name\":\"Portada\",\"item\":\"https:\/\/lagodeanna.com\/es\/\"},{\"@type\":\"ListItem\",\"position\":2,\"name\":\"Pol\u00edtica de privacidad\"}]},{\"@type\":\"WebSite\",\"@id\":\"https:\/\/lagodeanna.com\/es\/#website\",\"url\":\"https:\/\/lagodeanna.com\/es\/\",\"name\":\"Lago de Anna Casa Rural\",\"description\":\"Casa Rural Albufera de Anna Valencia\",\"publisher\":{\"@id\":\"https:\/\/lagodeanna.com\/es\/#organization\"},\"potentialAction\":[{\"@type\":\"SearchAction\",\"target\":{\"@type\":\"EntryPoint\",\"urlTemplate\":\"https:\/\/lagodeanna.com\/es\/?s={search_term_string}\"},\"query-input\":{\"@type\":\"PropertyValueSpecification\",\"valueRequired\":true,\"valueName\":\"search_term_string\"}}],\"inLanguage\":\"es\"},{\"@type\":\"Organization\",\"@id\":\"https:\/\/lagodeanna.com\/es\/#organization\",\"name\":\"Lago de Anna\",\"url\":\"https:\/\/lagodeanna.com\/es\/\",\"logo\":{\"@type\":\"ImageObject\",\"inLanguage\":\"es\",\"@id\":\"https:\/\/lagodeanna.com\/es\/#\/schema\/logo\/image\/\",\"url\":\"https:\/\/lagodeanna.com\/es\/wp-content\/uploads\/2017\/02\/logo-lago-anna-mobile.png\",\"contentUrl\":\"https:\/\/lagodeanna.com\/es\/wp-content\/uploads\/2017\/02\/logo-lago-anna-mobile.png\",\"width\":195,\"height\":47,\"caption\":\"Lago de Anna\"},\"image\":{\"@id\":\"https:\/\/lagodeanna.com\/es\/#\/schema\/logo\/image\/\"}}]}<\/script>\n<!-- \/ Yoast SEO Premium plugin. -->","yoast_head_json":{"title":"Pol\u00edtica de privacidad - Lago de Anna Casa Rural","robots":{"index":"index","follow":"follow","max-snippet":"max-snippet:-1","max-image-preview":"max-image-preview:large","max-video-preview":"max-video-preview:-1"},"canonical":"https:\/\/lagodeanna.com\/es\/politica-de-privacidad\/","og_locale":"es_ES","og_type":"article","og_title":"Pol\u00edtica de privacidad","og_url":"https:\/\/lagodeanna.com\/es\/politica-de-privacidad\/","og_site_name":"Lago de Anna Casa Rural","article_modified_time":"2020-03-26T09:34:55+00:00","twitter_card":"summary_large_image","twitter_misc":{"Tiempo de lectura":"2 minutos"},"schema":{"@context":"https:\/\/schema.org","@graph":[{"@type":"WebPage","@id":"https:\/\/lagodeanna.com\/es\/politica-de-privacidad\/","url":"https:\/\/lagodeanna.com\/es\/politica-de-privacidad\/","name":"Pol\u00edtica de privacidad - Lago de Anna Casa Rural","isPartOf":{"@id":"https:\/\/lagodeanna.com\/es\/#website"},"datePublished":"2020-03-06T10:04:20+00:00","dateModified":"2020-03-26T09:34:55+00:00","breadcrumb":{"@id":"https:\/\/lagodeanna.com\/es\/politica-de-privacidad\/#breadcrumb"},"inLanguage":"es","potentialAction":[{"@type":"ReadAction","target":["https:\/\/lagodeanna.com\/es\/politica-de-privacidad\/"]}]},{"@type":"BreadcrumbList","@id":"https:\/\/lagodeanna.com\/es\/politica-de-privacidad\/#breadcrumb","itemListElement":[{"@type":"ListItem","position":1,"name":"Portada","item":"https:\/\/lagodeanna.com\/es\/"},{"@type":"ListItem","position":2,"name":"Pol\u00edtica de privacidad"}]},{"@type":"WebSite","@id":"https:\/\/lagodeanna.com\/es\/#website","url":"https:\/\/lagodeanna.com\/es\/","name":"Lago de Anna Casa Rural","description":"Casa Rural Albufera de Anna Valencia","publisher":{"@id":"https:\/\/lagodeanna.com\/es\/#organization"},"potentialAction":[{"@type":"SearchAction","target":{"@type":"EntryPoint","urlTemplate":"https:\/\/lagodeanna.com\/es\/?s={search_term_string}"},"query-input":{"@type":"PropertyValueSpecification","valueRequired":true,"valueName":"search_term_string"}}],"inLanguage":"es"},{"@type":"Organization","@id":"https:\/\/lagodeanna.com\/es\/#organization","name":"Lago de Anna","url":"https:\/\/lagodeanna.com\/es\/","logo":{"@type":"ImageObject","inLanguage":"es","@id":"https:\/\/lagodeanna.com\/es\/#\/schema\/logo\/image\/","url":"https:\/\/lagodeanna.com\/es\/wp-content\/uploads\/2017\/02\/logo-lago-anna-mobile.png","contentUrl":"https:\/\/lagodeanna.com\/es\/wp-content\/uploads\/2017\/02\/logo-lago-anna-mobile.png","width":195,"height":47,"caption":"Lago de Anna"},"image":{"@id":"https:\/\/lagodeanna.com\/es\/#\/schema\/logo\/image\/"}}]}},"_links":{"self":[{"href":"https:\/\/lagodeanna.com\/es\/wp-json\/wp\/v2\/pages\/3","targetHints":{"allow":["GET"]}}],"collection":[{"href":"https:\/\/lagodeanna.com\/es\/wp-json\/wp\/v2\/pages"}],"about":[{"href":"https:\/\/lagodeanna.com\/es\/wp-json\/wp\/v2\/types\/page"}],"author":[{"embeddable":true,"href":"https:\/\/lagodeanna.com\/es\/wp-json\/wp\/v2\/users\/1"}],"replies":[{"embeddable":true,"href":"https:\/\/lagodeanna.com\/es\/wp-json\/wp\/v2\/comments?post=3"}],"version-history":[{"count":1,"href":"https:\/\/lagodeanna.com\/es\/wp-json\/wp\/v2\/pages\/3\/revisions"}],"predecessor-version":[{"id":2768,"href":"https:\/\/lagodeanna.com\/es\/wp-json\/wp\/v2\/pages\/3\/revisions\/2768"}],"wp:attachment":[{"href":"https:\/\/lagodeanna.com\/es\/wp-json\/wp\/v2\/media?parent=3"}],"curies":[{"name":"wp","href":"https:\/\/api.w.org\/{rel}","templated":true}]}}