{"id":2773,"date":"2020-03-26T09:27:00","date_gmt":"2020-03-26T09:27:00","guid":{"rendered":"https:\/\/lagodeanna.com\/es\/?page_id=2773"},"modified":"2020-03-26T09:33:20","modified_gmt":"2020-03-26T09:33:20","slug":"terminos-condiciones","status":"publish","type":"page","link":"https:\/\/lagodeanna.com\/es\/terminos-condiciones\/","title":{"rendered":"T\u00e9rminos y condiciones"},"content":{"rendered":"<div class=\"fusion-fullwidth fullwidth-box fusion-builder-row-1 nonhundred-percent-fullwidth non-hundred-percent-height-scrolling\" style=\"--awb-background-position:left top;--awb-border-radius-top-left:0px;--awb-border-radius-top-right:0px;--awb-border-radius-bottom-right:0px;--awb-border-radius-bottom-left:0px;--awb-padding-top:20px;--awb-padding-bottom:20px;--awb-border-sizes-top:0px;--awb-border-sizes-bottom:0px;--awb-flex-wrap:wrap;\" ><div class=\"fusion-builder-row fusion-row\"><div class=\"fusion-layout-column fusion_builder_column fusion-builder-column-0 fusion_builder_column_1_1 1_1 fusion-one-full fusion-column-first fusion-column-last fusion-column-no-min-height\" style=\"--awb-bg-size:cover;--awb-margin-bottom:0px;\"><div class=\"fusion-column-wrapper fusion-flex-column-wrapper-legacy\"><div class=\"fusion-text fusion-text-1\"><h1>T\u00c9RMINOS Y CONDICIONES<\/h1>\n<h2 style=\"font-size: 20px; line-height: 22px;\">1. DATOS IDENTIFICATIVOS<\/h2>\n<p>En cumplimiento con el deber de informaci\u00f3n recogido en art\u00edculo 10 de la Ley 34\/2002, de 11 de julio, de Servicios de la Sociedad de la Informaci\u00f3n y del Comercio Electr\u00f3nico, a continuaci\u00f3n se reflejan los siguientes datos: el titular del dominio web es Alex Roig Albelda del alojamiento Casa Rural El Lago de Anna (Valencia) con domicilio a estos efectos en PTDA Albufera 12, 46820, Anna, (Valencia), n\u00famero de N.I.F.: 48294825-T.<\/p>\n<h2 style=\"font-size: 20px; line-height: 22px;\">2. USUARIOS<\/h2>\n<p>El acceso y\/o uso de este portal atribuye la condici\u00f3n de USUARIO, que acepta, desde dicho acceso y\/o uso, las Condiciones Generales de Uso aqu\u00ed reflejadas. Las citadas Condiciones ser\u00e1n de aplicaci\u00f3n independientemente de las Condiciones Generales de Contrataci\u00f3n que en su caso resulten de obligado cumplimiento.<\/p>\n<h2 style=\"font-size: 20px; line-height: 22px;\">3. USO DEL PORTAL<\/h2>\n<p>www.lagodeanna.com proporciona el acceso a multitud de informaciones, servicios, programas o datos (en adelante, \u00ablos contenidos\u00bb) en Internet pertenecientes a Casa Rural El Lago de Anna a los que el USUARIO pueda tener acceso. El USUARIO asume la responsabilidad del uso del portal. Dicha responsabilidad se extiende al registro que fuese necesario para acceder a determinados servicios o contenidos. En dicho registro el USUARIO ser\u00e1 responsable de aportar informaci\u00f3n veraz y licita. Como consecuencia de este registro, al USUARIO se le puede proporcionar una contrase\u00f1a de la que ser\u00e1 responsable, comprometi\u00e9ndose a hacer un uso diligente y confidencial de la misma. El USUARIO se compromete a hacer un uso adecuado de los contenidos y servicios (como por ejemplo servicios de chat, foros de discusi\u00f3n o grupos de noticias) que Casa Rural El Lago de Anna ofrece a trav\u00e9s de su portal y con car\u00e1cter enunciativo pero no limitativo, a no emplearlos para (i) incurrir en actividades il\u00edcitas, ilegales o contrarias a la buena fe y al orden publico; (ii) difundir contenidos o propaganda de car\u00e1cter racista, xen\u00f3fobo, pornogr\u00e1fico-ilegal, de apolog\u00eda del terrorismo o atentatorio contra los derechos humanos; (iii) provocar da\u00f1os en los sistemas f\u00edsicos y l\u00f3gicos de Casa Rural El Lago de Anna, de sus proveedores o de terceras personas, introducir o difundir en la red virus inform\u00e1ticos o cualesquiera otros sistemas f\u00edsicos o l\u00f3gicos que sean susceptibles de provocar los da\u00f1os anteriormente mencionados; (iv) intentar acceder y, en su caso, utilizar las cuentas de correo electr\u00f3nico de otros usuarios y modificaro manipular sus mensajes. Casa Rural El Lago de Anna se reserva el derecho de retirar todos aquellos comentarios y aportaciones que vulneren el respeto a la dignidad de la persona, que sean discriminatorios, xen\u00f3fobos, racistas, pornogr\u00e1ficos, que atenten contra la juventud o la infancia, el orden o la seguridad p\u00fablica o que, a su juicio, no resultaran adecuados para su publicaci\u00f3n. En cualquier caso, Casa Rural El Lago de Anna no ser\u00e1 responsable de las opiniones vertidas por los usuarios a trav\u00e9s de los foros, chats, u otras herramientas de participaci\u00f3n.<\/p>\n<h2 style=\"font-size: 20px; line-height: 22px;\">4. PROTECCI\u00d3N DE DATOS<\/h2>\n<p>Casa Rural El Lago de Anna cumple con las directrices de la Ley Org\u00e1nica 15\/1999 de 13 de diciembre de Protecci\u00f3n de Datos de Car\u00e1cter Personal, el Real Decreto 1720\/2007 de 21 de diciembre por el que se aprueba el Reglamento de desarrollo de la Ley Org\u00e1nica y dem\u00e1s normativa vigente en cada momento, y vela por garantizar un correcto uso y tratamiento de los datos personales del usuario.<\/p>\n<h3 style=\"font-size: 18px; line-height: 20px;\">5. PROPIEDAD INTELECTUAL E INDUSTRIAL<\/h3>\n<p>Casa Rural El Lago de Anna por s\u00ed o como cesionaria, es titular de todos los derechos de propiedad intelectual e industrial de su p\u00e1gina web, as\u00ed como de los elementos contenidos en la misma (a t\u00edtulo enunciativo, im\u00e1genes, sonido, audio, v\u00eddeo, software o textos; marcas o logotipos, combinaciones de colores, estructura y dise\u00f1o, selecci\u00f3n de materiales usados, programas de ordenador necesarios para su funcionamiento, acceso y uso, etc.), titularidad de Casa Rural El Lago de Anna o bien de sus licenciantes. Todos los derechos reservados. En virtud de lo dispuesto en los art\u00edculos 8 y 32.1, p\u00e1rrafo segundo, de la Ley de Propiedad Intelectual, quedan expresamente prohibidas la reproducci\u00f3n, la distribuci\u00f3n y la comunicaci\u00f3n p\u00fablica, incluida su modalidad de puesta a disposici\u00f3n, de la totalidad o parte de los contenidos de esta p\u00e1gina web, con fines comerciales, en cualquier soporte y por cualquier medio t\u00e9cnico, sin la autorizaci\u00f3n de Casa Rural El Lago de Anna. El USUARIO se compromete a respetar los derechos de Propiedad Intelectual e Industrial titularidad de Casa Rural El Lago de Anna. Podr\u00e1 visualizar los elementos del portal e incluso imprimirlos, copiarlos y almacenarlos en el disco duro de su ordenador o en cualquier otro soporte f\u00edsico siempre y cuando sea, \u00fanica y exclusivamente, para su uso personal y privado. El USUARIO deber\u00e1 abstenerse de suprimir, alterar, eludir o manipular cualquier dispositivo de protecci\u00f3n o sistema de seguridad que estuviera instalado en el las p\u00e1ginas de Casa Rural El Lago de Anna.<\/p>\n<h3 style=\"font-size: 18px; line-height: 20px;\">6. EXCLUSI\u00d3N DE GARANT\u00edAS Y RESPONSABILIDAD<\/h3>\n<p>Casa Rural El Lago de Anna ni Escapada Rural no se hacen responsables, en ning\u00fan caso, de los da\u00f1os y perjuicios de cualquier naturaleza que pudieran ocasionar, a t\u00edtulo enunciativo: errores u omisiones en los contenidos, falta de disponibilidad del portal o la transmisi\u00f3n de virus o programas maliciosos o lesivos en los contenidos, a pesar de haber adoptado todas las medidas tecnol\u00f3gicas necesarias para evitarlo.<\/p>\n<h3 style=\"font-size: 18px; line-height: 20px;\">7. MODIFICACIONES<\/h3>\n<p>Casa Rural El Lago de Anna se reserva el derecho de efectuar sin previo aviso las modificaciones que considere oportunas en su portal, pudiendo cambiar, suprimir o a\u00f1adir tanto los contenidos y servicios que se presten a trav\u00e9s de la misma como la forma en la que \u00e9stos aparezcan presentados o localizados en su portal.<\/p>\n<h3 style=\"font-size: 18px; line-height: 20px;\">8. ENLACES<\/h3>\n<p>En el caso de que en www.lagodeanna.com se dispusiesen enlaces o hiperv\u00ednculos hacia otros sitios de Internet, Casa Rural El Lago de Anna no ejercer\u00e1 ning\u00fan tipo de control sobre dichos sitios y contenidos. En ning\u00fan caso Casa Rural El Lago de Anna asumir\u00e1 responsabilidad alguna por los contenidos de alg\u00fan enlace perteneciente a un sitio web ajeno, ni garantizara\u0301 la disponibilidad t\u00e9cnica, calidad, fiabilidad, exactitud, amplitud, veracidad, validez y constitucionalidad de cualquier material o informaci\u00f3n contenida en ninguno de dichos hiperv\u00ednculos u otros sitios de Internet. Igualmente la inclusi\u00f3n de estas conexiones externas no implicara\u0301 ning\u00fan tipo de asociaci\u00f3n, fusi\u00f3n o participaci\u00f3n con las entidades conectadas.<\/p>\n<h3 style=\"font-size: 18px; line-height: 20px;\">9. DERECHO DE EXCLUSI\u00d3N<\/h3>\n<p>Casa Rural El Lago de Anna se reserva el derecho a denegar o retirar el acceso a portal y\/o los servicios ofrecidos sin necesidad de preaviso, a instancia propia o de un tercero, a aquellos usuarios que incumplan las presentes Condiciones Generales de Uso.<\/p>\n<h3 style=\"font-size: 18px; line-height: 20px;\">10. GENERALIDADES<\/h3>\n<p>Casa Rural El Lago de Anna perseguir\u00e1 el incumplimiento de las presentes condiciones as\u00ed como cualquier utilizaci\u00f3n indebida de su portal ejerciendo todas las acciones civiles y penales que le puedan corresponder en derecho.<\/p>\n<h3 style=\"font-size: 18px; line-height: 20px;\">11. MODIFICACI\u00d3N DE LAS PRESENTES CONDICIONES Y DURACI\u00d3N<\/h3>\n<p>Casa Rural El Lago de Anna podr\u00e1 modificar en cualquier momento las condiciones aqu\u00ed determinadas, siendo debidamente publicadas como aqu\u00ed aparecen. La vigencia de las citadas condiciones ira\u0301 en funci\u00f3n de su exposici\u00f3n y estar\u00e1n vigentes hasta que sean modificadas por otras debidamente publicadas.<\/p>\n<h3 style=\"font-size: 18px; line-height: 20px;\">12. LEGISLACI\u00d3N APLICABLE Y JURISDICCI\u00d3N<\/h3>\n<p>La relaci\u00f3n Casa Rural El Lago de Anna y el USUARIO se regir\u00e1 por la normativa espa\u00f1ola vigente y cualquier controversia se someter\u00e1 a los Juzgados y tribunales de capital de provincia de Valencia.<\/p>\n<\/div><div class=\"fusion-clearfix\"><\/div><\/div><\/div><\/div><\/div>\n","protected":false},"excerpt":{"rendered":"","protected":false},"author":1,"featured_media":0,"parent":0,"menu_order":0,"comment_status":"closed","ping_status":"closed","template":"","meta":{"footnotes":""},"class_list":["post-2773","page","type-page","status-publish","hentry"],"yoast_head":"<!-- This site is optimized with the Yoast SEO Premium plugin v25.9 (Yoast SEO v25.9) - https:\/\/yoast.com\/wordpress\/plugins\/seo\/ -->\n<title>T\u00e9rminos y condiciones - Lago de Anna Casa Rural<\/title>\n<meta name=\"robots\" content=\"index, follow, max-snippet:-1, max-image-preview:large, max-video-preview:-1\" \/>\n<link rel=\"canonical\" href=\"https:\/\/lagodeanna.com\/es\/terminos-condiciones\/\" \/>\n<meta property=\"og:locale\" content=\"es_ES\" \/>\n<meta property=\"og:type\" content=\"article\" \/>\n<meta property=\"og:title\" content=\"T\u00e9rminos y condiciones\" \/>\n<meta property=\"og:url\" content=\"https:\/\/lagodeanna.com\/es\/terminos-condiciones\/\" \/>\n<meta property=\"og:site_name\" content=\"Lago de Anna Casa Rural\" \/>\n<meta property=\"article:modified_time\" content=\"2020-03-26T09:33:20+00:00\" \/>\n<meta name=\"twitter:card\" content=\"summary_large_image\" \/>\n<meta name=\"twitter:label1\" content=\"Tiempo de lectura\" \/>\n\t<meta name=\"twitter:data1\" content=\"7 minutos\" \/>\n<script type=\"application\/ld+json\" class=\"yoast-schema-graph\">{\"@context\":\"https:\/\/schema.org\",\"@graph\":[{\"@type\":\"WebPage\",\"@id\":\"https:\/\/lagodeanna.com\/es\/terminos-condiciones\/\",\"url\":\"https:\/\/lagodeanna.com\/es\/terminos-condiciones\/\",\"name\":\"T\u00e9rminos y condiciones - Lago de Anna Casa Rural\",\"isPartOf\":{\"@id\":\"https:\/\/lagodeanna.com\/es\/#website\"},\"datePublished\":\"2020-03-26T09:27:00+00:00\",\"dateModified\":\"2020-03-26T09:33:20+00:00\",\"breadcrumb\":{\"@id\":\"https:\/\/lagodeanna.com\/es\/terminos-condiciones\/#breadcrumb\"},\"inLanguage\":\"es\",\"potentialAction\":[{\"@type\":\"ReadAction\",\"target\":[\"https:\/\/lagodeanna.com\/es\/terminos-condiciones\/\"]}]},{\"@type\":\"BreadcrumbList\",\"@id\":\"https:\/\/lagodeanna.com\/es\/terminos-condiciones\/#breadcrumb\",\"itemListElement\":[{\"@type\":\"ListItem\",\"position\":1,\"name\":\"Portada\",\"item\":\"https:\/\/lagodeanna.com\/es\/\"},{\"@type\":\"ListItem\",\"position\":2,\"name\":\"T\u00e9rminos y condiciones\"}]},{\"@type\":\"WebSite\",\"@id\":\"https:\/\/lagodeanna.com\/es\/#website\",\"url\":\"https:\/\/lagodeanna.com\/es\/\",\"name\":\"Lago de Anna Casa Rural\",\"description\":\"Casa Rural Albufera de Anna Valencia\",\"publisher\":{\"@id\":\"https:\/\/lagodeanna.com\/es\/#organization\"},\"potentialAction\":[{\"@type\":\"SearchAction\",\"target\":{\"@type\":\"EntryPoint\",\"urlTemplate\":\"https:\/\/lagodeanna.com\/es\/?s={search_term_string}\"},\"query-input\":{\"@type\":\"PropertyValueSpecification\",\"valueRequired\":true,\"valueName\":\"search_term_string\"}}],\"inLanguage\":\"es\"},{\"@type\":\"Organization\",\"@id\":\"https:\/\/lagodeanna.com\/es\/#organization\",\"name\":\"Lago de Anna\",\"url\":\"https:\/\/lagodeanna.com\/es\/\",\"logo\":{\"@type\":\"ImageObject\",\"inLanguage\":\"es\",\"@id\":\"https:\/\/lagodeanna.com\/es\/#\/schema\/logo\/image\/\",\"url\":\"https:\/\/lagodeanna.com\/es\/wp-content\/uploads\/2017\/02\/logo-lago-anna-mobile.png\",\"contentUrl\":\"https:\/\/lagodeanna.com\/es\/wp-content\/uploads\/2017\/02\/logo-lago-anna-mobile.png\",\"width\":195,\"height\":47,\"caption\":\"Lago de Anna\"},\"image\":{\"@id\":\"https:\/\/lagodeanna.com\/es\/#\/schema\/logo\/image\/\"}}]}<\/script>\n<!-- \/ Yoast SEO Premium plugin. -->","yoast_head_json":{"title":"T\u00e9rminos y condiciones - Lago de Anna Casa Rural","robots":{"index":"index","follow":"follow","max-snippet":"max-snippet:-1","max-image-preview":"max-image-preview:large","max-video-preview":"max-video-preview:-1"},"canonical":"https:\/\/lagodeanna.com\/es\/terminos-condiciones\/","og_locale":"es_ES","og_type":"article","og_title":"T\u00e9rminos y condiciones","og_url":"https:\/\/lagodeanna.com\/es\/terminos-condiciones\/","og_site_name":"Lago de Anna Casa Rural","article_modified_time":"2020-03-26T09:33:20+00:00","twitter_card":"summary_large_image","twitter_misc":{"Tiempo de lectura":"7 minutos"},"schema":{"@context":"https:\/\/schema.org","@graph":[{"@type":"WebPage","@id":"https:\/\/lagodeanna.com\/es\/terminos-condiciones\/","url":"https:\/\/lagodeanna.com\/es\/terminos-condiciones\/","name":"T\u00e9rminos y condiciones - Lago de Anna Casa Rural","isPartOf":{"@id":"https:\/\/lagodeanna.com\/es\/#website"},"datePublished":"2020-03-26T09:27:00+00:00","dateModified":"2020-03-26T09:33:20+00:00","breadcrumb":{"@id":"https:\/\/lagodeanna.com\/es\/terminos-condiciones\/#breadcrumb"},"inLanguage":"es","potentialAction":[{"@type":"ReadAction","target":["https:\/\/lagodeanna.com\/es\/terminos-condiciones\/"]}]},{"@type":"BreadcrumbList","@id":"https:\/\/lagodeanna.com\/es\/terminos-condiciones\/#breadcrumb","itemListElement":[{"@type":"ListItem","position":1,"name":"Portada","item":"https:\/\/lagodeanna.com\/es\/"},{"@type":"ListItem","position":2,"name":"T\u00e9rminos y condiciones"}]},{"@type":"WebSite","@id":"https:\/\/lagodeanna.com\/es\/#website","url":"https:\/\/lagodeanna.com\/es\/","name":"Lago de Anna Casa Rural","description":"Casa Rural Albufera de Anna Valencia","publisher":{"@id":"https:\/\/lagodeanna.com\/es\/#organization"},"potentialAction":[{"@type":"SearchAction","target":{"@type":"EntryPoint","urlTemplate":"https:\/\/lagodeanna.com\/es\/?s={search_term_string}"},"query-input":{"@type":"PropertyValueSpecification","valueRequired":true,"valueName":"search_term_string"}}],"inLanguage":"es"},{"@type":"Organization","@id":"https:\/\/lagodeanna.com\/es\/#organization","name":"Lago de Anna","url":"https:\/\/lagodeanna.com\/es\/","logo":{"@type":"ImageObject","inLanguage":"es","@id":"https:\/\/lagodeanna.com\/es\/#\/schema\/logo\/image\/","url":"https:\/\/lagodeanna.com\/es\/wp-content\/uploads\/2017\/02\/logo-lago-anna-mobile.png","contentUrl":"https:\/\/lagodeanna.com\/es\/wp-content\/uploads\/2017\/02\/logo-lago-anna-mobile.png","width":195,"height":47,"caption":"Lago de Anna"},"image":{"@id":"https:\/\/lagodeanna.com\/es\/#\/schema\/logo\/image\/"}}]}},"_links":{"self":[{"href":"https:\/\/lagodeanna.com\/es\/wp-json\/wp\/v2\/pages\/2773","targetHints":{"allow":["GET"]}}],"collection":[{"href":"https:\/\/lagodeanna.com\/es\/wp-json\/wp\/v2\/pages"}],"about":[{"href":"https:\/\/lagodeanna.com\/es\/wp-json\/wp\/v2\/types\/page"}],"author":[{"embeddable":true,"href":"https:\/\/lagodeanna.com\/es\/wp-json\/wp\/v2\/users\/1"}],"replies":[{"embeddable":true,"href":"https:\/\/lagodeanna.com\/es\/wp-json\/wp\/v2\/comments?post=2773"}],"version-history":[{"count":1,"href":"https:\/\/lagodeanna.com\/es\/wp-json\/wp\/v2\/pages\/2773\/revisions"}],"predecessor-version":[{"id":2774,"href":"https:\/\/lagodeanna.com\/es\/wp-json\/wp\/v2\/pages\/2773\/revisions\/2774"}],"wp:attachment":[{"href":"https:\/\/lagodeanna.com\/es\/wp-json\/wp\/v2\/media?parent=2773"}],"curies":[{"name":"wp","href":"https:\/\/api.w.org\/{rel}","templated":true}]}}