{"id":2771,"date":"2020-03-26T09:25:16","date_gmt":"2020-03-26T09:25:16","guid":{"rendered":"https:\/\/lagodeanna.com\/es\/?page_id=2771"},"modified":"2020-03-26T09:25:16","modified_gmt":"2020-03-26T09:25:16","slug":"politica-de-cookies","status":"publish","type":"page","link":"https:\/\/lagodeanna.com\/es\/politica-de-cookies\/","title":{"rendered":"Pol\u00edtica de cookies"},"content":{"rendered":"<div class=\"fusion-fullwidth fullwidth-box fusion-builder-row-1 nonhundred-percent-fullwidth non-hundred-percent-height-scrolling\" style=\"--awb-background-position:left top;--awb-border-radius-top-left:0px;--awb-border-radius-top-right:0px;--awb-border-radius-bottom-right:0px;--awb-border-radius-bottom-left:0px;--awb-padding-top:20px;--awb-padding-bottom:20px;--awb-border-sizes-top:0px;--awb-border-sizes-bottom:0px;--awb-flex-wrap:wrap;\" ><div class=\"fusion-builder-row fusion-row\"><div class=\"fusion-layout-column fusion_builder_column fusion-builder-column-0 fusion_builder_column_1_1 1_1 fusion-one-full fusion-column-first fusion-column-last fusion-column-no-min-height\" style=\"--awb-bg-size:cover;--awb-margin-bottom:0px;\"><div class=\"fusion-column-wrapper fusion-flex-column-wrapper-legacy\"><div class=\"fusion-text fusion-text-1\"><h3 style=\"font-size: 18px; line-height: 20px;\">POL\u00cdTICA DE COOKIES<\/h3>\n<p><strong>Qu\u00e9 son las cookies<\/strong><\/p>\n<p>Las cookies son peque\u00f1os ficheros que se descargan en el dispositivo desde el que se accede al sitio web y que almacenan datos sobre la navegaci\u00f3n que se realiza en el sitio desde ese dispositivo durante la sesi\u00f3n de usuario. De esta forma, los datos almacenados durante la sesi\u00f3n permiten que la informaci\u00f3n se mantenga durante la navegaci\u00f3n en el sitio web, mejorando la experiencia del usuario durante la sesi\u00f3n.<\/p>\n<p>A continuaci\u00f3n detallamos los tipos de cookies que utiliza www.lagodeanna.com:<\/p>\n<p><strong>Cookies propias:<\/strong><br \/>\n<strong>\u00a0&#8211; Estrictamente necesarias:<\/strong> Imprescindibles para el correcto funcionamiento de los servicios b\u00e1sicos que proporciona el sitio web, como el registro o el inicio de sesi\u00f3n de usuario.<br \/>\n<strong>\u00a0&#8211; Cookies anal\u00edticas:<\/strong> Su objetivo es recopilar estad\u00edsticas sobre la actividad del conjunto de usuarios en el sitio web. Este sitio web utiliza cookies anal\u00edticas propias.<\/p>\n<p><strong>Cookies de terceros:<\/strong><br \/>\n<strong>\u00a0&#8211; Cookies de redes sociales:<\/strong> Si eres usuario de las redes sociales Facebook, Twitter o Google+, tu dispositivo ya ha recibido una cookie de estos sitios. Tu navegador manda informaci\u00f3n a estos sitios a trav\u00e9s de esta cookie cuando visitas p\u00e1ginas que tienen sus botones sociales \u00abMe gusta\u00bb, \u00abTweet\u00bb y \u00ab+1\u00bb, respectivamente.<br \/>\n<strong>\u00a0&#8211; Otras cookies de Google:<\/strong> Relacionadas con los servicios de Google Maps integrados dentro de nuestros servicios.<\/p>\n<p><strong>C\u00f3mo desactivar las cookies<\/strong><\/p>\n<p>Los principales navegadores incluyen:<br \/>\n&#8211; Un modo de navegaci\u00f3n privado o de inc\u00f3gnito que autom\u00e1ticamente se borran siempre despu\u00e9s de la visita.<br \/>\n&#8211;\u00a0La posibilidad de desactivar las cookies en cualquier momento, especific\u00e1ndose en la p\u00e1gina de ayuda de cada navegador, el detalle de c\u00f3mo realizarlo:<\/p>\n<ul>\n<li><a href=\"https:\/\/support.google.com\/chrome\/answer\/95647?hl=es\" target=\"_blank\" rel=\"noopener noreferrer\">Chrome: C\u00f3mo administrar cookies y datos de sitios<\/a><\/li>\n<li><a href=\"https:\/\/support.mozilla.org\/es\/kb\/habilitar-y-deshabilitar-cookies-que-los-sitios-we\" target=\"_blank\" rel=\"noopener noreferrer\">Firefox: Habilitar y deshabilitar cookies que los sitios web utilizan para rastrear tus preferencias<\/a><\/li>\n<li><a href=\"http:\/\/windows.microsoft.com\/es-es\/windows-vista\/block-or-allow-cookies\" target=\"_blank\" rel=\"noopener noreferrer\">Internet Explorer: Bloquear o permitir cookies<\/a><\/li>\n<li><a href=\"http:\/\/help.opera.com\/Windows\/11.50\/es-ES\/cookies.html\" target=\"_blank\" rel=\"noopener noreferrer\">Opera: Cookies<\/a><\/li>\n<li><a href=\"http:\/\/support.apple.com\/kb\/ht1677?viewlocale=es_es&amp;locale=es_es\" target=\"_blank\" rel=\"noopener noreferrer\">Safari: web settings<\/a><\/li>\n<\/ul>\n<\/div><div class=\"fusion-clearfix\"><\/div><\/div><\/div><\/div><\/div>\n","protected":false},"excerpt":{"rendered":"","protected":false},"author":1,"featured_media":0,"parent":0,"menu_order":0,"comment_status":"closed","ping_status":"closed","template":"","meta":{"footnotes":""},"class_list":["post-2771","page","type-page","status-publish","hentry"],"yoast_head":"<!-- This site is optimized with the Yoast SEO Premium plugin v25.9 (Yoast SEO v25.9) - https:\/\/yoast.com\/wordpress\/plugins\/seo\/ -->\n<title>Pol\u00edtica de cookies - Lago de Anna Casa Rural<\/title>\n<meta name=\"robots\" content=\"index, follow, max-snippet:-1, max-image-preview:large, max-video-preview:-1\" \/>\n<link rel=\"canonical\" href=\"https:\/\/lagodeanna.com\/es\/politica-de-cookies\/\" \/>\n<meta property=\"og:locale\" content=\"es_ES\" \/>\n<meta property=\"og:type\" content=\"article\" \/>\n<meta property=\"og:title\" content=\"Pol\u00edtica de cookies\" \/>\n<meta property=\"og:url\" content=\"https:\/\/lagodeanna.com\/es\/politica-de-cookies\/\" \/>\n<meta property=\"og:site_name\" content=\"Lago de Anna Casa Rural\" \/>\n<meta name=\"twitter:card\" content=\"summary_large_image\" \/>\n<meta name=\"twitter:label1\" content=\"Tiempo de lectura\" \/>\n\t<meta name=\"twitter:data1\" content=\"2 minutos\" \/>\n<script type=\"application\/ld+json\" class=\"yoast-schema-graph\">{\"@context\":\"https:\/\/schema.org\",\"@graph\":[{\"@type\":\"WebPage\",\"@id\":\"https:\/\/lagodeanna.com\/es\/politica-de-cookies\/\",\"url\":\"https:\/\/lagodeanna.com\/es\/politica-de-cookies\/\",\"name\":\"Pol\u00edtica de cookies - Lago de Anna Casa Rural\",\"isPartOf\":{\"@id\":\"https:\/\/lagodeanna.com\/es\/#website\"},\"datePublished\":\"2020-03-26T09:25:16+00:00\",\"breadcrumb\":{\"@id\":\"https:\/\/lagodeanna.com\/es\/politica-de-cookies\/#breadcrumb\"},\"inLanguage\":\"es\",\"potentialAction\":[{\"@type\":\"ReadAction\",\"target\":[\"https:\/\/lagodeanna.com\/es\/politica-de-cookies\/\"]}]},{\"@type\":\"BreadcrumbList\",\"@id\":\"https:\/\/lagodeanna.com\/es\/politica-de-cookies\/#breadcrumb\",\"itemListElement\":[{\"@type\":\"ListItem\",\"position\":1,\"name\":\"Portada\",\"item\":\"https:\/\/lagodeanna.com\/es\/\"},{\"@type\":\"ListItem\",\"position\":2,\"name\":\"Pol\u00edtica de cookies\"}]},{\"@type\":\"WebSite\",\"@id\":\"https:\/\/lagodeanna.com\/es\/#website\",\"url\":\"https:\/\/lagodeanna.com\/es\/\",\"name\":\"Lago de Anna Casa Rural\",\"description\":\"Casa Rural Albufera de Anna Valencia\",\"publisher\":{\"@id\":\"https:\/\/lagodeanna.com\/es\/#organization\"},\"potentialAction\":[{\"@type\":\"SearchAction\",\"target\":{\"@type\":\"EntryPoint\",\"urlTemplate\":\"https:\/\/lagodeanna.com\/es\/?s={search_term_string}\"},\"query-input\":{\"@type\":\"PropertyValueSpecification\",\"valueRequired\":true,\"valueName\":\"search_term_string\"}}],\"inLanguage\":\"es\"},{\"@type\":\"Organization\",\"@id\":\"https:\/\/lagodeanna.com\/es\/#organization\",\"name\":\"Lago de Anna\",\"url\":\"https:\/\/lagodeanna.com\/es\/\",\"logo\":{\"@type\":\"ImageObject\",\"inLanguage\":\"es\",\"@id\":\"https:\/\/lagodeanna.com\/es\/#\/schema\/logo\/image\/\",\"url\":\"https:\/\/lagodeanna.com\/es\/wp-content\/uploads\/2017\/02\/logo-lago-anna-mobile.png\",\"contentUrl\":\"https:\/\/lagodeanna.com\/es\/wp-content\/uploads\/2017\/02\/logo-lago-anna-mobile.png\",\"width\":195,\"height\":47,\"caption\":\"Lago de Anna\"},\"image\":{\"@id\":\"https:\/\/lagodeanna.com\/es\/#\/schema\/logo\/image\/\"}}]}<\/script>\n<!-- \/ Yoast SEO Premium plugin. -->","yoast_head_json":{"title":"Pol\u00edtica de cookies - Lago de Anna Casa Rural","robots":{"index":"index","follow":"follow","max-snippet":"max-snippet:-1","max-image-preview":"max-image-preview:large","max-video-preview":"max-video-preview:-1"},"canonical":"https:\/\/lagodeanna.com\/es\/politica-de-cookies\/","og_locale":"es_ES","og_type":"article","og_title":"Pol\u00edtica de cookies","og_url":"https:\/\/lagodeanna.com\/es\/politica-de-cookies\/","og_site_name":"Lago de Anna Casa Rural","twitter_card":"summary_large_image","twitter_misc":{"Tiempo de lectura":"2 minutos"},"schema":{"@context":"https:\/\/schema.org","@graph":[{"@type":"WebPage","@id":"https:\/\/lagodeanna.com\/es\/politica-de-cookies\/","url":"https:\/\/lagodeanna.com\/es\/politica-de-cookies\/","name":"Pol\u00edtica de cookies - Lago de Anna Casa Rural","isPartOf":{"@id":"https:\/\/lagodeanna.com\/es\/#website"},"datePublished":"2020-03-26T09:25:16+00:00","breadcrumb":{"@id":"https:\/\/lagodeanna.com\/es\/politica-de-cookies\/#breadcrumb"},"inLanguage":"es","potentialAction":[{"@type":"ReadAction","target":["https:\/\/lagodeanna.com\/es\/politica-de-cookies\/"]}]},{"@type":"BreadcrumbList","@id":"https:\/\/lagodeanna.com\/es\/politica-de-cookies\/#breadcrumb","itemListElement":[{"@type":"ListItem","position":1,"name":"Portada","item":"https:\/\/lagodeanna.com\/es\/"},{"@type":"ListItem","position":2,"name":"Pol\u00edtica de cookies"}]},{"@type":"WebSite","@id":"https:\/\/lagodeanna.com\/es\/#website","url":"https:\/\/lagodeanna.com\/es\/","name":"Lago de Anna Casa Rural","description":"Casa Rural Albufera de Anna Valencia","publisher":{"@id":"https:\/\/lagodeanna.com\/es\/#organization"},"potentialAction":[{"@type":"SearchAction","target":{"@type":"EntryPoint","urlTemplate":"https:\/\/lagodeanna.com\/es\/?s={search_term_string}"},"query-input":{"@type":"PropertyValueSpecification","valueRequired":true,"valueName":"search_term_string"}}],"inLanguage":"es"},{"@type":"Organization","@id":"https:\/\/lagodeanna.com\/es\/#organization","name":"Lago de Anna","url":"https:\/\/lagodeanna.com\/es\/","logo":{"@type":"ImageObject","inLanguage":"es","@id":"https:\/\/lagodeanna.com\/es\/#\/schema\/logo\/image\/","url":"https:\/\/lagodeanna.com\/es\/wp-content\/uploads\/2017\/02\/logo-lago-anna-mobile.png","contentUrl":"https:\/\/lagodeanna.com\/es\/wp-content\/uploads\/2017\/02\/logo-lago-anna-mobile.png","width":195,"height":47,"caption":"Lago de Anna"},"image":{"@id":"https:\/\/lagodeanna.com\/es\/#\/schema\/logo\/image\/"}}]}},"_links":{"self":[{"href":"https:\/\/lagodeanna.com\/es\/wp-json\/wp\/v2\/pages\/2771","targetHints":{"allow":["GET"]}}],"collection":[{"href":"https:\/\/lagodeanna.com\/es\/wp-json\/wp\/v2\/pages"}],"about":[{"href":"https:\/\/lagodeanna.com\/es\/wp-json\/wp\/v2\/types\/page"}],"author":[{"embeddable":true,"href":"https:\/\/lagodeanna.com\/es\/wp-json\/wp\/v2\/users\/1"}],"replies":[{"embeddable":true,"href":"https:\/\/lagodeanna.com\/es\/wp-json\/wp\/v2\/comments?post=2771"}],"version-history":[{"count":1,"href":"https:\/\/lagodeanna.com\/es\/wp-json\/wp\/v2\/pages\/2771\/revisions"}],"predecessor-version":[{"id":2772,"href":"https:\/\/lagodeanna.com\/es\/wp-json\/wp\/v2\/pages\/2771\/revisions\/2772"}],"wp:attachment":[{"href":"https:\/\/lagodeanna.com\/es\/wp-json\/wp\/v2\/media?parent=2771"}],"curies":[{"name":"wp","href":"https:\/\/api.w.org\/{rel}","templated":true}]}}